{"id":1345,"date":"2017-08-01T21:27:56","date_gmt":"2017-08-01T18:27:56","guid":{"rendered":"https:\/\/enhorningen.net\/e30\/?page_id=1345"},"modified":"2024-05-20T08:40:30","modified_gmt":"2024-05-20T05:40:30","slug":"om-enhorningen","status":"publish","type":"page","link":"https:\/\/enhorningen.net\/e30\/","title":{"rendered":""},"content":{"rendered":"<h2 style=\"text-align: center;\" align=\"Center\">V\u00e4lkommen till science fiction- och fantasytidskriften <i>Enh\u00f6rningen!<\/i><\/h2>\n<h3 style=\"text-align: center;\" align=\"Center\">P\u00e5 papper sedan 1987, p\u00e5 webben sedan 1998<\/h3>\n<div class=\"brun_ram\" align=\"Center\">\n<p class=\"sans\" style=\"text-align: center;\">ISSN 1797-1004 (Online)<br \/>\nISSN 0785-2509 (Print)<br \/>\nUtgivare: Ben Roimola<br \/>\nAdress: Enh\u00f6rningen, c\/o Ben Roimola<br \/>\nKarjakuja 19<br \/>\n21310 Vahto<br \/>\nFinland<br \/>\ntfn: 045 672 5252<br \/>\ne-post: <a href=\"mailto:enhorningen@enhorningen.net\">enhorningen@enhorningen.net<\/a><\/p>\n<\/div>\n<h1 align=\"Center\">Om tidskriften Enh\u00f6rningen<\/h1>\n<p style=\"line-height: 28.899999618530273px;\"><img loading=\"lazy\" decoding=\"async\" src=\"http:\/\/www.enhorningen.net\/Bilder\/Enhorningen_1.jpeg\" alt=\"[P\u00e4rmen p\u00e5 Enh\u00f6rningen nr 1.]\" width=\"142\" height=\"199\" align=\"right\" border=\"0\" hspace=\"5\" vspace=\"5\" \/><\/p>\n<p class=\"forsta_stycket\"><i>Enh\u00f6rningen<\/i> \u00e4r v\u00e4rldsalltets enda finlandssvenska tidskrift till\u00e4gnad fantastik,\u00a0allts\u00e5 science fiction och fantasy. <i>Enh\u00f6rningen<\/i> har utkommit b\u00e5de i en pappersupplaga och som en skild n\u00e4tupplaga, men nuf\u00f6rtiden existerar <em>Enh\u00f6rningen<\/em> endast p\u00e5 n\u00e4tet.<\/p>\n<p class=\"forsta_stycket\">H\u00e4r p\u00e5 Enh\u00f6rningswebben kan du l\u00e4sa noveller, artiklar, recensioner, illustrationer m.m. Helt enkelt allt m\u00f6jligt (och om\u00f6jligt) som har med fantastik i alla dess olika former (litteratur, film, teater, serier o.s.v.) att skaffa.<\/p>\n<p class=\"indragning\"><em>Enh\u00f6rningen<\/em> har ingen prenumerationsavgift. Allt material som publicerats p\u00e5 Enh\u00f6rningswebben \u00e4r gratis och fritt att l\u00e4sa av alla intresserade.<\/p>\n<p>Vill du h\u00e5lla dig uppdaterad om nya inl\u00e4gg utan att beh\u00f6va titta in p\u00e5 webbsidan titt som t\u00e4tt kan du v\u00e4lja att f\u00e5 ett e-postmeddelande varje g\u00e5ng ett nytt inl\u00e4gg publiceras p\u00e5 Enh\u00f6rningswebben. Rulla ner p\u00e5 sidan till kommentarf\u00e4ltet, skriv en kommentar (eller en h\u00e4lsning eller t.ex. bara en smilis),\u00a0fyll i ditt namn och din e-postadress samt\u00a0kryssa i rutan \u201dMeddela mig om nya inl\u00e4gg via e-post.\u201d. Nu \u00e4r det bara att klicka p\u00e5 rutan \u201dSkicka kommentar\u201d och du kommer att f\u00e5 ett e-postmeddelande till adressen du angav. Du m\u00e5ste \u00e4nnu bekr\u00e4fta e-postprenumerationen genom att f\u00f6lja anvisningarna i e-postmeddelandet (du skall helt enkelt klicka p\u00e5 en knapp i meddelandet).<\/p>\n<h4>Historia<\/h4>\n<p><img loading=\"lazy\" decoding=\"async\" src=\"http:\/\/www.enhorningen.net\/Bilder\/Enhorningen_7.jpeg\" alt=\"[P\u00e4rmen p\u00e5 ENh\u00f6rningen nr 7.]\" width=\"141\" height=\"200\" align=\"right\" border=\"0\" hspace=\"5\" vspace=\"5\" \/><\/p>\n<p class=\"forsta_stycket\">F\u00f6rsta numret av <i>Enh\u00f6rningen<\/i> utkom 1987. Under de f\u00f6ljande tre \u00e5ren utkom allt som allt fem nummer. \u00c5r 1998 fick chefredakt\u00f6r Ben Roimola ett stipendium fr\u00e5n Svenska kulturfonden med vars hj\u00e4lp tidningen kunde v\u00e4ckas ur sin l\u00e5nga dvala. Fram till 2007 utkom tidskriften med allt som allt 12 nummer p\u00e5 papper. Du kan bekanta dig med inneh\u00e5llet i pappersupplagan i <a href=\"https:\/\/enhorningen.net\/e30\/pappershorningen\/\">arkivet <i>Pappersh\u00f6rningen<\/i><\/a>. Det \u00e4r inte om\u00f6jligt att <em>Enh\u00f6rningen<\/em> \u00e4nnu n\u00e5gon dag l\u00e4mnar sina sp\u00e5r p\u00e5 papper, men f\u00f6r n\u00e4rvarande existerar <em>Enh\u00f6rningen<\/em> endast elektroniskt.<\/p>\n<p class=\"indragning\"><i>Enh\u00f6rningens<\/i> webbsidor \u00f6ppnades 1998, vilket torde g\u00f6ra <em>Enh\u00f6rningen<\/em> en av de \u00e4ldsta finlandssvenska tidskrifterna p\u00e5 webben. Fr\u00e5n f\u00f6rsta b\u00f6rjan har <i>Enh\u00f6rningen<\/i> pubicerat nyhetsnotiser om allt m\u00f6jligt fantastikrelaterat. Senare kom \u00e4ven recensionerna, novellerna och draporna samt artiklarna med p\u00e5 webben. Novellerna publiceras nuf\u00f6rtiden alltid s\u00e5v\u00e4l som vanliga webbsidor, pdf-dokument och en epub-filer. Du kan allts\u00e5 fritt v\u00e4lja om du vill l\u00e4sa novellen i din webbl\u00e4sare, skriva ut den p\u00e5 papper eller l\u00e4sa den som e-bok.<\/p>\n<p class=\"indragning\">I Februari 2012 b\u00f6rjade <i>Enh\u00f6rningen<\/i> kvittra. \u00c4r du p\u00e5 Twitter skall du allts\u00e5 absolut f\u00f6lja <a href=\"https:\/\/twitter.com\/enhorningenzine\" target=\"_blank\" rel=\"noopener noreferrer\">@enhorningenzine<\/a> f\u00f6r korta notiser om det som h\u00e4nder och sker inom fantastikens v\u00e4rld. \u00c4r du inte p\u00e5 Twitter kan du alltid hitta <i>Enh\u00f6rningens<\/i> kvitter h\u00e4r p\u00e5 Enh\u00f6rningswebben och naturligtvis p\u00e5 <a href=\"https:\/\/twitter.com\/enhorningenzine\" target=\"_blank\" rel=\"noopener noreferrer\"><i>Enh\u00f6rningens<\/i> sida p\u00e5 Twitter<\/a>.<\/p>\n<p class=\"indragning\">Vill du ta en titt p\u00e5 vad <i>Enh\u00f6rningen<\/i> behandlat p\u00e5 webben \u00e4r det bara att styra webbl\u00e4saren till <a href=\"https:\/\/enhorningen.net\/e30\/gamla-notiser\/\">indexet \u00f6ver <em>Enh\u00f6rningens<\/em> notiser genom tiderna<\/a>. Sedan <i>Enh\u00f6rningen\u00a0<\/i>b\u00f6rjade sin webbkarri\u00e4r, sommaren 1998, har arkivet vuxit till att inneh\u00e5lla n\u00e4rmare 1000 notiser och dryga 400 recensioner. Recensionerna hittar du \u00e4ven <a href=\"https:\/\/enhorningen.net\/e30\/recensionsindex\/\">alfabetiskt ordnade i recensionsindexet<\/a>.<\/p>\n<h4>Enh\u00f6rningen kan publicera ditt material!<\/h4>\n<p><img loading=\"lazy\" decoding=\"async\" src=\"http:\/\/www.enhorningen.net\/Bilder\/Enhorningen_6.jpeg\" alt=\"[P\u00e4rmen p\u00e5 Enh\u00f6rningen nr 6.]\" width=\"139\" height=\"200\" align=\"right\" border=\"0\" hspace=\"5\" vspace=\"5\" \/><\/p>\n<p class=\"forsta_stycket\"><em>Enh\u00f6rningen<\/em> tar mycket g\u00e4rna emot all slags material: noveller, artiklar, recensioner, illustrationer, serier mm. mm. Ifall du har n\u00e5got som du tror att kunde passa p\u00e5 Enh\u00f6rningens sidor s\u00e5 ta kontakt t.ex. genom e-postadressen\u00a0<a href=\"mailto:enhorningen@enhorningen.net\"><i>enhorningen@enhorningen.net<\/i><\/a>.<\/p>\n<p><i>Enh\u00f6rningen<\/i> utges av Ben Roimola, och utgivningen sker helt p\u00e5 hobbybasis. Eftersom<i> Enh\u00f6rningen<\/i> inte \u00e4r en kommersiell produkt har tidningen inte m\u00f6jlighet att betala honorar. Alla medhj\u00e4lpare f\u00e5r dock en del av den od\u00f6dliga \u00e4ran som kommer sig av att vara med om att g\u00f6ra v\u00e4rldens enda finlandssvenska fantastiktidskrift.<\/p>\n<h4>Ta kontakt!<\/h4>\n<p><img loading=\"lazy\" decoding=\"async\" src=\"http:\/\/www.enhorningen.net\/Bilder\/Enhorningen_11.jpeg\" alt=\"[P\u00e4rmen p\u00e5 Enh\u00f6rningen nr 11.]\" width=\"142\" height=\"200\" align=\"right\" border=\"0\" hspace=\"5\" vspace=\"5\" \/><\/p>\n<p class=\"forsta_stycket\">Har du \u00e5sikter om hur <i>Enh\u00f6rningens<\/i> sidor kunde f\u00f6rb\u00e4ttras? \u00c4r det n\u00e5got speciellt som du skulle vilja se p\u00e5 <i>Enh\u00f6rningens<\/i> webb? L\u00e5t h\u00f6ras! Skicka e-post \u00e5t mig p\u00e5 adressen <a href=\"mailto:enhorningen@enhorningen.net\"><i>enhorningen@enhorningen.net<\/i><\/a> eller anv\u00e4nd <a href=\"https:\/\/enhorningen.net\/e30\/kontaktblankett\/\">responsblanketten<\/a>.<\/p>\n<h5><\/h5>\n<hr \/>\n<p><b>Tack!<\/b><\/p>\n<p class=\"forsta_stycket\">Enh\u00f6rningen har genom \u00e5ren f\u00e5tt finansiellt st\u00f6d av <a href=\"http:\/\/www.kulturfonden.fi\/fonden\/\" target=\"_blank\" rel=\"noopener noreferrer\">Svenska Kulturfonden<\/a>, F\u00f6reningen konstsamfundet r.f. och Undervisningsministeriet.<\/p>\n<p>Ett ytterst stort tack riktas ocks\u00e5 till <b>Aino Havukainen<\/b> och <b>Sami Toivonen<\/b> f\u00f6r <i>Enh\u00f6rningens<\/i> logo och all annan hj\u00e4lp de st\u00e4llt upp med samt <b>alla Enh\u00f6rningens medhj\u00e4lpare<\/b> och naturligtvis <b>l\u00e4sarna!<\/b><\/p>\n<hr \/>\n","protected":false},"excerpt":{"rendered":"<p>V\u00e4lkommen till science fiction- och fantasytidskriften Enh\u00f6rningen! P\u00e5 papper sedan 1987, p\u00e5 webben sedan 1998 ISSN 1797-1004 (Online) ISSN 0785-2509 (Print) Utgivare: Ben Roimola Adress: Enh\u00f6rningen, c\/o Ben Roimola Karjakuja 19 21310 Vahto Finland tfn: 045 672 5252 e-post: enhorningen@enhorningen.net Om tidskriften Enh\u00f6rningen Enh\u00f6rningen \u00e4r v\u00e4rldsalltets enda finlandssvenska tidskrift till\u00e4gnad fantastik,\u00a0allts\u00e5 science fiction och fantasy. [&hellip;]<\/p>\n","protected":false},"author":1,"featured_media":0,"parent":0,"menu_order":0,"comment_status":"closed","ping_status":"closed","template":"","meta":{"footnotes":""},"class_list":["post-1345","page","type-page","status-publish","hentry"],"_links":{"self":[{"href":"https:\/\/enhorningen.net\/e30\/wp-json\/wp\/v2\/pages\/1345","targetHints":{"allow":["GET"]}}],"collection":[{"href":"https:\/\/enhorningen.net\/e30\/wp-json\/wp\/v2\/pages"}],"about":[{"href":"https:\/\/enhorningen.net\/e30\/wp-json\/wp\/v2\/types\/page"}],"author":[{"embeddable":true,"href":"https:\/\/enhorningen.net\/e30\/wp-json\/wp\/v2\/users\/1"}],"replies":[{"embeddable":true,"href":"https:\/\/enhorningen.net\/e30\/wp-json\/wp\/v2\/comments?post=1345"}],"version-history":[{"count":13,"href":"https:\/\/enhorningen.net\/e30\/wp-json\/wp\/v2\/pages\/1345\/revisions"}],"predecessor-version":[{"id":3195,"href":"https:\/\/enhorningen.net\/e30\/wp-json\/wp\/v2\/pages\/1345\/revisions\/3195"}],"wp:attachment":[{"href":"https:\/\/enhorningen.net\/e30\/wp-json\/wp\/v2\/media?parent=1345"}],"curies":[{"name":"wp","href":"https:\/\/api.w.org\/{rel}","templated":true}]}}