{"id":1308,"date":"2017-07-31T18:19:22","date_gmt":"2017-07-31T15:19:22","guid":{"rendered":"https:\/\/enhorningen.net\/e30\/?page_id=1308"},"modified":"2017-08-03T15:14:16","modified_gmt":"2017-08-03T12:14:16","slug":"gamla-notiser","status":"publish","type":"page","link":"https:\/\/enhorningen.net\/e30\/gamla-notiser\/","title":{"rendered":"Gamla notiser"},"content":{"rendered":"<p>H\u00e4r hittar du l\u00e4nkar till <em>Enh\u00f6rningens<\/em> notiser fr\u00e5n 1998 till 2016. De nyare notiserna kommer du enkelt \u00e5t genom att v\u00e4lja \u201dNyheter\u201d fr\u00e5n menyn.<\/p>\n<p style=\"text-align: center;\" align=\"Center\">[<a href=\"http:\/\/www.enhorningen.net\/Rubriker\/Gamla_rubriker_1998.shtml\">1998<\/a>] [<a href=\"http:\/\/www.enhorningen.net\/Rubriker\/Gamla_rubriker_1999.shtml\">1999<\/a>] [<a href=\"http:\/\/www.enhorningen.net\/Rubriker\/Gamla_rubriker_2000.shtml\">2000<\/a>] [<a href=\"http:\/\/www.enhorningen.net\/Rubriker\/Gamla_rubriker_2001.shtml\">2001<\/a>] [<a href=\"http:\/\/www.enhorningen.net\/Rubriker\/Gamla_rubriker_2002.shtml\">2002<\/a>] [<a href=\"http:\/\/www.enhorningen.net\/Rubriker\/Gamla_rubriker_2003.shtml\">2003<\/a>] [<a href=\"http:\/\/www.enhorningen.net\/Rubriker\/Gamla_rubriker_2004.shtml\">2004<\/a>] [<a href=\"http:\/\/www.enhorningen.net\/Rubriker\/Gamla_rubriker_2005.shtml\">2005<\/a>] [<a href=\"http:\/\/www.enhorningen.net\/Rubriker\/Gamla_rubriker_2006.shtml\">2006<\/a>] [<a href=\"http:\/\/www.enhorningen.net\/Forum\/index.php\/board,13.0.html\">2007<\/a>] [<a href=\"http:\/\/www.enhorningen.net\/Forum\/index.php\/board,16.0.html\">2008<\/a>] [<a href=\"http:\/\/www.enhorningen.net\/Forum\/index.php\/board,19.0.html\">2009<\/a>] [<a href=\"http:\/\/www.enhorningen.net\/Forum\/index.php\/board,21.0.html\">2010<\/a>] [<a href=\"http:\/\/www.enhorningen.net\/Forum\/index.php\/board,22.0.html\">2011<\/a>] [<a href=\"http:\/\/www.enhorningen.net\/Forum\/index.php\/board,23.0.html\">2012<\/a>] [<a href=\"http:\/\/www.enhorningen.net\/Forum\/index.php\/board,24.0.html\">2013<\/a>] [<a href=\"http:\/\/www.enhorningen.net\/Forum\/index.php\/board,25.0.html\">2014<\/a>] [<a href=\"http:\/\/www.enhorningen.net\/Forum\/index.php\/board,26.0.html\">2015<\/a>] [<a href=\"http:\/\/www.enhorningen.net\/Forum\/index.php\/board,27.0.html\">2016<\/a>]<\/p>\n","protected":false},"excerpt":{"rendered":"<p>H\u00e4r hittar du l\u00e4nkar till Enh\u00f6rningens notiser fr\u00e5n 1998 till 2016. De nyare notiserna kommer du enkelt \u00e5t genom att v\u00e4lja \u201dNyheter\u201d fr\u00e5n menyn. [1998] [1999] [2000] [2001] [2002] [2003] [2004] [2005] [2006] [2007] [2008] [2009] [2010] [2011] [2012] [2013] [2014] [2015] [2016]<\/p>\n","protected":false},"author":1,"featured_media":0,"parent":0,"menu_order":0,"comment_status":"closed","ping_status":"closed","template":"","meta":{"footnotes":""},"class_list":["post-1308","page","type-page","status-publish","hentry"],"_links":{"self":[{"href":"https:\/\/enhorningen.net\/e30\/wp-json\/wp\/v2\/pages\/1308","targetHints":{"allow":["GET"]}}],"collection":[{"href":"https:\/\/enhorningen.net\/e30\/wp-json\/wp\/v2\/pages"}],"about":[{"href":"https:\/\/enhorningen.net\/e30\/wp-json\/wp\/v2\/types\/page"}],"author":[{"embeddable":true,"href":"https:\/\/enhorningen.net\/e30\/wp-json\/wp\/v2\/users\/1"}],"replies":[{"embeddable":true,"href":"https:\/\/enhorningen.net\/e30\/wp-json\/wp\/v2\/comments?post=1308"}],"version-history":[{"count":4,"href":"https:\/\/enhorningen.net\/e30\/wp-json\/wp\/v2\/pages\/1308\/revisions"}],"predecessor-version":[{"id":1407,"href":"https:\/\/enhorningen.net\/e30\/wp-json\/wp\/v2\/pages\/1308\/revisions\/1407"}],"wp:attachment":[{"href":"https:\/\/enhorningen.net\/e30\/wp-json\/wp\/v2\/media?parent=1308"}],"curies":[{"name":"wp","href":"https:\/\/api.w.org\/{rel}","templated":true}]}}