{"id":10,"date":"2017-03-28T19:56:39","date_gmt":"2017-03-28T16:56:39","guid":{"rendered":"https:\/\/enhorningen.net\/e30\/?page_id=10"},"modified":"2017-08-01T22:07:55","modified_gmt":"2017-08-01T19:07:55","slug":"pappershorningen","status":"publish","type":"page","link":"https:\/\/enhorningen.net\/e30\/pappershorningen\/","title":{"rendered":"Pappersh\u00f6rningen"},"content":{"rendered":"<h1 align=\"Center\"><\/h1>\n<h6 align=\"Center\"><b>Information om Enh\u00f6rningens pappersupplaga.<\/b><\/h6>\n<p>&nbsp;<\/p>\n<h3>Enh\u00f6rningen nr 1<\/h3>\n<div style=\"width: 152px\" class=\"wp-caption alignright\"><img loading=\"lazy\" decoding=\"async\" src=\"http:\/\/www.enhorningen.net\/Bilder\/Enhorningen_1.jpeg\" alt=\"[P\u00e4rmen p\u00e5 Enh\u00f6rningen 1]\" width=\"142\" height=\"199\" \/><p class=\"wp-caption-text\">P\u00e4rmbild: Sami Toivonen (Klicka p\u00e5 bilden f\u00f6r att se den st\u00f6rre.)<\/p><\/div>\n<h6>Maj 1987, 20 sidor<br \/>\n<span class=\"rod\">Sluts\u00e5ld<\/span><\/h6>\n<p><i>Inneh\u00e5ll<\/i><\/p>\n<ul class=\"utan_tomrum\">\n<li>Polygonen (ledare)<\/li>\n<li>Hjorden (info om medhj\u00e4lparna)<\/li>\n<li>En kort titt p\u00e5 Finfandom (om sf och fans i Finland)<\/li>\n<li>Brevh\u00f6rningen (brevspalt)<\/li>\n<li>Nyheter<\/li>\n<li>Media (om sf i TV och p\u00e5 film)<\/li>\n<li>W\u00e4rldens f\u00f6rsta finlandsswenska fanzine (om tidningen Wr\u00f6\u00f6l\/Kulturchock)<\/li>\n<li><a href=\"http:\/\/www.enhorningen.net\/Noveller\/Novell_2_Roimola.shtml\">HSS Mist<\/a>\u00a0(novell av B. Roimola)<\/li>\n<li>Sonic attac! (serie av Ben)<\/li>\n<li>I n\u00e4sta nummer<\/li>\n<\/ul>\n<p><i>Illustrationer av<\/i><\/p>\n<ul class=\"utan_tomrum\">\n<li>Ann-Charlott Andtbacka<\/li>\n<li>Ben Roimola<\/li>\n<li>Sami Toivonen<\/li>\n<\/ul>\n<hr \/>\n<p>&nbsp;<\/p>\n<h3>Enh\u00f6rningen nr 2<\/h3>\n<div style=\"width: 152px\" class=\"wp-caption alignright\"><a href=\"http:\/\/www.enhorningen.net\/Arkivet.shtml#\"><img loading=\"lazy\" decoding=\"async\" src=\"http:\/\/www.enhorningen.net\/Bilder\/Enhorningen_2.jpeg\" alt=\"[P\u00e4rmen p\u00e5 Enh\u00f6rningen 2]\" width=\"142\" height=\"209\" \/><\/a><p class=\"wp-caption-text\">P\u00e4rmbild: Sami Toivonen (Klicka p\u00e5 bilden f\u00f6r att se den st\u00f6rre.)<\/p><\/div>\n<h6>September 1987, 24 sidor<br \/>\n<span class=\"rod\">Sluts\u00e5ld<\/span><\/h6>\n<p><i>Inneh\u00e5ll<\/i><\/p>\n<ul class=\"utan_tomrum\">\n<li>Polygonen<\/li>\n<li>Hjorden<\/li>\n<li>Fannisk ordlista, del I (artikel om fanslang av John-Henri Holmberg)<\/li>\n<li><a href=\"http:\/\/www.enhorningen.net\/Noveller.shtml#novell_19\">Sk\u00e5ningen<\/a>\u00a0(novell av Ahrvid Engholm; illustrerad av Sami Toivonen)<\/li>\n<li>Atorox 1986 (artikel om \u00e5rets inhemska sf-novellpris)<\/li>\n<li>Sj\u00f6fararen fr\u00e5n Kataran (serie av Sami Toivonen)<\/li>\n<li>32 stunder av en fans liv eller fr\u00e5n Pyttis till Viikinsaari p\u00e5 43 timmar (artikel om resantill \u00e5rets sf-samkv\u00e4m i Tammerfors)<\/li>\n<li>Media<\/li>\n<li>Nyheter<\/li>\n<li>I n\u00e4sta nummer<\/li>\n<\/ul>\n<p><i>Illustrationer av<\/i><\/p>\n<ul class=\"utan_tomrum\">\n<li>Sami Toivonen<\/li>\n<li>P. A. Manninen<\/li>\n<\/ul>\n<hr \/>\n<h3>Enh\u00f6rningen nr 3<\/h3>\n<div style=\"width: 152px\" class=\"wp-caption alignright\"><a href=\"http:\/\/www.enhorningen.net\/Arkivet.shtml#\"><img loading=\"lazy\" decoding=\"async\" src=\"http:\/\/www.enhorningen.net\/Bilder\/Enhorningen_3.jpeg\" alt=\"[P\u00e4rmen p\u00e5 Enh\u00f6rningen 3]\" width=\"142\" height=\"205\" \/><\/a><p class=\"wp-caption-text\">P\u00e4rmbild:\u00a0Sami Toivonen (Klicka p\u00e5 bilden f\u00f6r att se den st\u00f6rre.)<\/p><\/div>\n<h6>Januari 1988, 32 sidor<br \/>\n<span class=\"rod\">Sluts\u00e5ld<\/span><\/h6>\n<p><i>Inneh\u00e5ll<\/i><\/p>\n<ul class=\"utan_tomrum\">\n<li>Polygonen<\/li>\n<li>Hjorden<\/li>\n<li>Comic Serie (serie av Sami Toivonen)<\/li>\n<li>Fannisk ordlista, del II (fanslangsordlista av John-Henri Holmberg)<\/li>\n<li>Brevh\u00f6rningen<\/li>\n<li>Sj\u00f6fararen fr\u00e5n Kataran, del II (serie av Sami Toivonen)<\/li>\n<li>Tyrkf\u00e4ll (korrigeringar)<\/li>\n<li>Nyheter<\/li>\n<li>Fansiner (recension av inhemska fansiner)<\/li>\n<li>P\u00e5 letan efter sanningen eller mitt m\u00f6te med Norsk fandom (fiktiv kongressraport av Arild W\u00e6rness)<\/li>\n<li>Media<\/li>\n<li>Zero (serie av Sauli Santikko)<\/li>\n<\/ul>\n<p><i>Illustrationer av<\/i><\/p>\n<ul class=\"utan_tomrum\">\n<li>P. A. Manninen<\/li>\n<li>Sauli Santikko<\/li>\n<li>Sami Toivonen<\/li>\n<li>Jouni W\u00e4\u00e4r\u00e4kangas<\/li>\n<\/ul>\n<hr \/>\n<h3>Enh\u00f6rningen nr 4<\/h3>\n<div style=\"width: 152px\" class=\"wp-caption alignright\"><a href=\"http:\/\/www.enhorningen.net\/Arkivet.shtml#\"><img loading=\"lazy\" decoding=\"async\" src=\"http:\/\/www.enhorningen.net\/Bilder\/Enhorningen_4.jpeg\" alt=\"[P\u00e4rmen p\u00e5 Enh\u00f6rningen 4]\" width=\"142\" height=\"209\" \/><\/a><p class=\"wp-caption-text\">P\u00e4rmbild:\u00a0Sauli Santikko (Klicka p\u00e5 bilden f\u00f6r att se den st\u00f6rre.)<\/p><\/div>\n<h6>Augusti 1988, 24 sidor<br \/>\n<span class=\"rod\">Sluts\u00e5ld<\/span><\/h6>\n<p><i>Inneh\u00e5ll<\/i><\/p>\n<ul class=\"utan_tomrum\">\n<li>Polygonen<\/li>\n<li>Brevh\u00f6rningen<\/li>\n<li>Sista m\u00e4nniskan i v\u00e4rlden (serie av Sami Toivonen)<\/li>\n<li>Nyheter<\/li>\n<li>Intervju med Sami Toivonen (intervju &amp; bildreportage av och om Sami Toivonen)<\/li>\n<li>Fannisk ordlista, del III (fanslangsordlista av John-Henri Holmberg)<\/li>\n<\/ul>\n<p><i>Illustrationer av<\/i><\/p>\n<ul class=\"utan_tomrum\">\n<li>Pekka. A. Manninen<\/li>\n<li>Sauli Santikko<\/li>\n<li>Sami Toivonen<\/li>\n<\/ul>\n<hr \/>\n<h3>Enh\u00f6rningen nr 5<\/h3>\n<div style=\"width: 152px\" class=\"wp-caption alignright\"><a href=\"http:\/\/www.enhorningen.net\/Arkivet.shtml#\"><img loading=\"lazy\" decoding=\"async\" src=\"http:\/\/www.enhorningen.net\/Bilder\/Enhorningen_5.jpeg\" alt=\"[P\u00e4rmen p\u00e5 Enh\u00f6rningen 5]\" width=\"142\" height=\"209\" \/><\/a><p class=\"wp-caption-text\">P\u00e4rmbild:\u00a0Sami Toivonen (Klicka p\u00e5 bilden f\u00f6r att se den st\u00f6rre.)<\/p><\/div>\n<h6>December 1990, 36 sidor<br \/>\n<span class=\"rod\">Sluts\u00e5ld<\/span><\/h6>\n<p><i>Inneh\u00e5ll<\/i><\/p>\n<ul class=\"utan_tomrum\">\n<li>Polygonen<\/li>\n<li>Fansiner (en titt p\u00e5 de inhemska fansinerna)<\/li>\n<li>Ett \u00e5r (artikel om det fanniska \u00e5ret i Finland)<\/li>\n<li>Yvonne (novell av Mika Henry Tenhovaara)<\/li>\n<li>Korta reflektioner \u00f6ver vissa platser i England, Wales och p\u00e5 Irland (reserapport)<\/li>\n<li>Playmates of a lifetime &#8211; or many (fantastiskt bildreportage)<\/li>\n<\/ul>\n<p><i>Illustrationer av<\/i><\/p>\n<ul class=\"utan_tomrum\">\n<li>Sami Toivonen<\/li>\n<\/ul>\n<hr \/>\n<h3>Enh\u00f6rningen nr 6<\/h3>\n<div style=\"width: 149px\" class=\"wp-caption alignright\"><a href=\"http:\/\/www.enhorningen.net\/Arkivet.shtml#\"><img loading=\"lazy\" decoding=\"async\" src=\"http:\/\/www.enhorningen.net\/Bilder\/Enhorningen_6.jpeg\" alt=\"[P\u00e4rmen p\u00e5 Enh\u00f6rningen 6]\" width=\"139\" height=\"200\" \/><\/a><p class=\"wp-caption-text\">P\u00e4rmbild:\u00a0Sami Toivonen &amp; Aino Havukainen (Klicka p\u00e5 bilden f\u00f6r att se den st\u00f6rre.)<\/p><\/div>\n<h6>December 1999, 28 sidor<br \/>\n<span class=\"rod\">Sluts\u00e5ld<\/span><\/h6>\n<p><i>Inneh\u00e5ll<\/i><\/p>\n<ul class=\"utan_tomrum\">\n<li>Polygonen<\/li>\n<li>Att skapa en finlandssvensk science fiction-roman (intervju med Uffe Virta)<\/li>\n<li>Recenserat: Ok\u00e4nt hot (recension av Uffe Virtas debutroman)<\/li>\n<li>Minnet fr\u00e5n fornskogen (novell av Uffe Virta)<\/li>\n<li><a href=\"http:\/\/www.enhorningen.net\/Noveller.shtml#novell_14\">Gudarnas berg<\/a>\u00a0(novell av Antti Oikarinen)<\/li>\n<li>De kommer fr\u00e5n vida omkring (novell av Connie Willis)<\/li>\n<li>N\u00e4th\u00f6rningen (artikel om Enh\u00f6rningens webbsiodor)<\/li>\n<\/ul>\n<p><i>Illustrationer av<\/i><\/p>\n<ul class=\"utan_tomrum\">\n<li>Sami Toivonen &amp; Aino Havukainen<\/li>\n<\/ul>\n<hr \/>\n<h3>Enh\u00f6rningen nr 7<\/h3>\n<div style=\"width: 151px\" class=\"wp-caption alignright\"><a href=\"http:\/\/www.enhorningen.net\/Arkivet.shtml#\"><img loading=\"lazy\" decoding=\"async\" src=\"http:\/\/www.enhorningen.net\/Bilder\/Bilder_2001\/Enhorningen_7.jpeg\" alt=\"[P\u00e4rmen p\u00e5 Enh\u00f6rningen 7]\" width=\"141\" height=\"200\" \/><\/a><p class=\"wp-caption-text\">P\u00e4rmbild:\u00a0Sami Toivonen\u00a0 (Klicka p\u00e5 bilden f\u00f6r att se den st\u00f6rre.)<\/p><\/div>\n<h6>Juli 2001, 72 sidor<br \/>\n<span class=\"rod\">Sluts\u00e5ld<\/span><\/h6>\n<p><i>Inneh\u00e5ll<\/i><\/p>\n<ul class=\"utan_tomrum\">\n<li>Polygonen (chefred h\u00e5ller l\u00e5da)<\/li>\n<li>Ett dopp i nyhetsfloden (minimalt smakprov p\u00e5 Enh\u00f6rningens nyhetsutbud)<\/li>\n<li>Om sf och blitzen \u00ad en stund med Connie Willis (intervju med v\u00e4rldens mest brisbel\u00f6nta sf-f\u00f6rfattare)<\/li>\n<li>Connie Willis: Jack (annorlunda fantasynovell)<\/li>\n<li>Bilden av en urfan \u00ad Ahrvid Engholm under luppen (bekanta dig med en av Sveriges st\u00f6rsta sf-fans)<\/li>\n<li>Ahrvid Engholm: Ett fantastiskt mellanspel (Ahrvid bjuder p\u00e5 en humoristisk fantasynovell med Enh\u00f6rningar!)<\/li>\n<li>EIja Elo: Napoleons utbytesveckor (Atorox-vinnare fr\u00e5n 1983. Vad h\u00e4nde egentligen med Napoleon?)<\/li>\n<li>Petri Salin: Calix (vemodigt vacker finlandssvensk fantasynovell)<\/li>\n<li>Recensioner (Nebulavinnarna 2001: Salin &amp; Roimola om Bear, Nagata, Bisson, Williams och Galaxy Quest; De fyra f\u00f6rsta Pottrarna puttrar: Kan en 35-\u00e5ring l\u00e4sa Harry Potter?; Ber\u00e4ttelser i Svart &amp; Gr\u00f6nt te: Salin recenserar Aleph Bokf\u00f6rlags tv\u00e5 f\u00f6rsta b\u00f6cker; S\u00e5ngen om ringen: Svenska Teatern gjorde Tolkiens m\u00e4sterverk till en musikal)<\/li>\n<li>Filmrecensioner (N\u00e5got f\u00f6r var och en: The Astronaut&#8217;s Wife, Battlefield Earth, Being John Malkovich, Blade, Breakfast of Champions, Crouching Tiger, Hidden Dragon, Dogma, Frequency, The Green Mile, Heaven, Mission to Mars, Mystery Men, Pitch Black, Titan A.E. och X-Men)<\/li>\n<\/ul>\n<p><i>Illustrationer av<\/i><\/p>\n<ul class=\"utan_tomrum\">\n<li>Jonatan Hild\u00e9n<\/li>\n<li>Paul S\u00f6derholm<\/li>\n<li>Sami Toivonen<\/li>\n<\/ul>\n<hr \/>\n<h3>Enh\u00f6rningen nr 8<\/h3>\n<div style=\"width: 150px\" class=\"wp-caption alignright\"><a href=\"http:\/\/www.enhorningen.net\/Arkivet.shtml#\"><img loading=\"lazy\" decoding=\"async\" src=\"http:\/\/www.enhorningen.net\/Bilder\/Bilder_2002\/Enhorningen_8.jpeg\" alt=\"[P\u00e4rmen p\u00e5 Enh\u00f6rningen 8]\" width=\"140\" height=\"197\" \/><\/a><p class=\"wp-caption-text\">P\u00e4rmbild:\u00a0Sami Toivonen\u00a0 (Klicka p\u00e5 bilden f\u00f6r att se den st\u00f6rre.)<\/p><\/div>\n<h6>Oktober 2002, 68 sidor<br \/>\n<span class=\"rod\">Sluts\u00e5ld<\/span><\/h6>\n<p><i>Inneh\u00e5ll<\/i><\/p>\n<ul class=\"utan_tomrum\">\n<li>Tom \u00d6lander 1954\u00ad2002 (Enh\u00f6rningen minns den stora finlandssvenska sf-fanen.)<\/li>\n<li>Polygonen (Chefred h\u00e4ller ord p\u00e5 pappret.)<\/li>\n<li>The Tolkien Society of Sweden (Ahrvid Engholm skriver om Europas f\u00f6rsta Tolkienf\u00f6rening.)<\/li>\n<li>Pekka Virtanen: Tradition (Atorox-vinnare fr\u00e5n 1984. Finns det en vidare v\u00e4rld utanf\u00f6r eldens sken?)<\/li>\n<li>Jonatan Hild\u00e9n: Det kan sluta annorlunda (\u00c4kta finlandssvensk kyberpunk.)<\/li>\n<li>Recensioner:\n<ul class=\"utan_tomrum\">\n<li>Hugovinnarna 2001 och Nebulavinnarna 2002 (Salin s\u00e4ger sitt om Rowling, Williamson, Rusch, Langford, Link och Park.)<\/li>\n<li>Bokrecensioner (The Salmon of Doubt, American Gods, The Dark Lord of Derkholm, Hirvi, Arthur Gordon Pyms \u00e4ventyr, Den m\u00f6rka materian-trilogin och Det vita folket.)<\/li>\n<li>The Rocky Horror Show (Chefred jublar \u00f6ver \u00c5bo Svenska Teaters Rocky!)<\/li>\n<li>Filmrecensioner (Film p\u00e5 celluloid, videoband och DVD: A.I., Atlantis \u00ad The Lost Empire, Conan the Barbarian, The Exorcist, Final Fantasy, Gattaca, The Thirteenth Floor, Impostor, Le Pacte Des Loups, Rat, Shrek, Silent Running, Star Trek: The Motion Picture, Strange Days, Ukkonen och Lord of the Rings: The Fellowship of the Ring.)<\/li>\n<\/ul>\n<\/li>\n<\/ul>\n<p><i>Illustrationer av<\/i><\/p>\n<ul class=\"utan_tomrum\">\n<li>Jonatan Hild\u00e9n<\/li>\n<li>Jan Lindstr\u00f6m<\/li>\n<li>Sami Toivonen<\/li>\n<\/ul>\n<hr \/>\n<h3>Enh\u00f6rningen nr 9<\/h3>\n<div style=\"width: 150px\" class=\"wp-caption alignright\"><a href=\"http:\/\/www.enhorningen.net\/Arkivet.shtml#\"><img loading=\"lazy\" decoding=\"async\" src=\"http:\/\/www.enhorningen.net\/Bilder\/Bilder_2003\/Enhorningen_9.jpeg\" alt=\"[P\u00e4rmen p\u00e5 Enh\u00f6rningen 9]\" width=\"140\" height=\"198\" \/><\/a><p class=\"wp-caption-text\">P\u00e4rmbild:\u00a0Jan Lindstr\u00f6m (Klicka p\u00e5 bilden f\u00f6r att se den st\u00f6rre.)<\/p><\/div>\n<h6>Juli 2003, 72 sidor<br \/>\n<span class=\"rod\">Sluts\u00e5ld<\/span><\/h6>\n<p><i>Inneh\u00e5ll<\/i><\/p>\n<ul class=\"utan_tomrum\">\n<li>Polygonen (Chefred tycker att alla borde \u00e5ka till Finncon, Swecon och Interaction.)<\/li>\n<li>2001: En Arthur C. Clarke-odyss\u00e9 (Peter Damlin funderar \u00f6ver Clarke och hans rymdodyss\u00e9er.)<\/li>\n<li>Recensioner: 2001 &amp; 2010 (Chefred s\u00e4ger sitt om rymdodyss\u00e9filmatiseringarna.)<\/li>\n<li>Snusmumrik och Heffaklump (Vad d\u00f6ljer sig bakom namnen i Muminb\u00f6ckerna? Heidi Backas intervjuar forskaren Yvonne Bertills.)<\/li>\n<li>En liten pratstund med Johanna Sinisalo (Hur vinner man Finlandiapriset med en sf-bok? Chefred intervjuar Johanna Sinisalo.)<\/li>\n<li>Johanna Sinisalos tacktal vid Finlandiaprisutdelningen (L\u00e4s sj\u00e4lv vad Johanna Sinisalo sade om sf d\u00e5 hon tog emot Finlands st\u00f6rsta litteraturpris.)<\/li>\n<li>Johanna Sinisalo: Den flygande holl\u00e4ndaren (Atoroxvinnare 2001. Vad har Viktor Rydberg och en bemannad rymdf\u00e4rd till Neptunus gemensamt?)<\/li>\n<li>Terry Bisson: macar (Nebulavinnare 2001. Brott och straff, men n\u00e4r g\u00e5r det f\u00f6r l\u00e5ngt?)<\/li>\n<li>David Langford: Olika slags m\u00f6rker (Hugovinnare 2001. Vilket \u00e4r egentligen v\u00e4rre, ljuset eller m\u00f6rkret?)<\/li>\n<li>Recensioner:\n<ul class=\"utan_tomrum\">\n<li>Hugovinnarna 2002 och Nebulavinnarna 2003 (Petri Salin tar igen en titt p\u00e5 vinnarna. Den h\u00e4r g\u00e5ngen \u00e4r det Vinge, Chiang, Swanwick, Chwedyk och Emshwiller som blivit korade.)<\/li>\n<li>Bokrecensioner (Necronomicon i Sverige, Stranger Things Happen, Bara sedan solen sjunkit, Tv\u00e5 s\u00e4llsamma ber\u00e4ttelser, Archontecs och Harry Potter and the Order of the Phoenix.)<\/li>\n<li>Filmrecensioner (Ast\u00e9rix &amp; Ob\u00e9lix: Mission Cl\u00e9op\u00e2tre, Bichunmoo, Br\u00f6derna Lejonhj\u00e4rta, Dog Soldiers, Osamu Tezuka&#8217;s Metropolis, R\u00f6lli ja mets\u00e4nhenki, Sen to Chihiro no kamikakushi, Stan Lee&#8217;s Mutants, Monsters &amp; Marvels, National Geographic: Beyond the Movie The Lord of the Rings och The Time Machine.)<\/li>\n<\/ul>\n<\/li>\n<\/ul>\n<p><i>Illustrationer av<\/i><\/p>\n<ul class=\"utan_tomrum\">\n<li>Jan Lindstr\u00f6m<\/li>\n<li>Sari Luoto<\/li>\n<li>Paul S\u00f6derholm<\/li>\n<li>Sami Toivonen<\/li>\n<\/ul>\n<hr \/>\n<h3>Enh\u00f6rningen nr 10<\/h3>\n<div style=\"width: 150px\" class=\"wp-caption alignright\"><a href=\"http:\/\/www.enhorningen.net\/Arkivet.shtml#\"><img loading=\"lazy\" decoding=\"async\" src=\"http:\/\/www.enhorningen.net\/Bilder\/Bilder_2004\/Enhorningen_10.jpeg\" alt=\"[P\u00e4rmen p\u00e5 Enh\u00f6rningen 10]\" width=\"140\" height=\"198\" \/><\/a><p class=\"wp-caption-text\">P\u00e4rmbild:\u00a0Sami Toivonen (Klicka p\u00e5 bilden f\u00f6r att se den st\u00f6rre.)<\/p><\/div>\n<h6>Augusti 2004, 92 sidor<br \/>\n<span class=\"rod\">Sluts\u00e5ld<\/span><\/h6>\n<p><i>Inneh\u00e5ll<\/i><\/p>\n<ul class=\"utan_tomrum\">\n<li>Polygonen (Chefred funderar bland annat p\u00e5 varf\u00f6r vissa ord \u00e4r b\u00e4ttre \u00e4n andra.)<\/li>\n<li>En Finnconvecka (Chefred ber\u00e4ttar om livet bakom kongressfasaderna.)<\/li>\n<li>Om att vara en finlandssvensk science fiction-f\u00f6rfattare (Petri Salin spekulerar \u00f6ver hur finlandssvenskhet och sf g\u00e5r ihop.)<\/li>\n<li>Gudar, demoner och gr\u00f6na gubbar (Sofia Sj\u00f6 ber\u00e4ttar om sin forskning kring religion, kvinnor och sf-film.)<\/li>\n<li>Bokvurmens bibliotek &#8211; En eftermiddagspromenad bland Boris Hurttas b\u00f6cker (Petri Salin filosoferar i bibliofilen och f\u00f6rfattaren Boris Hurttas filialbibliotek.)<\/li>\n<li>Karolinas \u00e4ventyr i fantasyns gr\u00e4nsmarker (Niki Bergman intervjuar Karolina Bj\u00e4llerstedt Mickos.)<\/li>\n<li>Dungeons and Diapers \u00ad Bl\u00f6jor och besv\u00e4rjelser (Karolina Bj\u00e4llerstedt Mickos om barn i fantasy.)<\/li>\n<li><a href=\"http:\/\/www.enhorningen.net\/Noveller.shtml#novell_20\">Karolina Bj\u00e4llerstedt Mickos: Rikets drakar och demoner<\/a>\u00a0(F\u00f6lj med till en v\u00e4rld av drakar &#8211; v\u00e4gen \u00e4r kortare \u00e4n du tror.)<\/li>\n<li>Petri Salin: Skuggtid (Finlandssvensk fantasy med starka mytologiska undertoner.)<\/li>\n<li>Boris Hurtta: Arvtagarna (Ett antikvariat med ett lockande skyltf\u00f6nster v\u00e4cker en bibliofils intresse.)<\/li>\n<li>Cecilia Wennerstr\u00f6m: Topp! (Visst kan \u00f6nskningar g\u00e5 i uppfyllelse &#8230;)<\/li>\n<li>Michael Swanwick: Vov-vov sade hunden (Hugovinnare 2002: \u00c4ventyrare och talande djur i ett annorlunda London.)<\/li>\n<li>Recensioner:\n<ul class=\"utan_tomrum\">\n<li>Hugovinnarna 2003 (Sin vana trogen tar Petri Salin en n\u00e4rmare titt p\u00e5 Hugo-texterna; denna g\u00e5ng g\u00e4ller det Sawyer, Gaiman, Swanwick och Landis.)<\/li>\n<li>Bokrecensioner (The Wind on Fire-trilogin, The Mount, Syner i natten, R\u00f6sten i m\u00f6rkret, Den skrattande pojkens skugga, Oryx och Crake, Till Esperani, I den R\u00f6da Damens slott samt Inre landskap och yttre rymd.)<\/li>\n<li>Filmrecensioner (Cowboy Bebop: Tengoku no tobira, El Espinazo del Diablo, Equilibrium, The Evil Dead, The Ring &amp; Ringu, Solaris, Treasure Planet, Lord of the Rings-trilogin samt The League of Extraordinary Gentlemen.)<\/li>\n<\/ul>\n<\/li>\n<\/ul>\n<p><i>Illustrationer av<\/i><\/p>\n<ul class=\"utan_tomrum\">\n<li>Tomi Junnila (foto)<\/li>\n<li>Sari Luoto<\/li>\n<li>Ben Roimola (foto)<\/li>\n<li>Paul S\u00f6derholm<\/li>\n<li>Sami Toivonen<\/li>\n<\/ul>\n<hr \/>\n<h3>Enh\u00f6rningen nr 11<\/h3>\n<div style=\"width: 152px\" class=\"wp-caption alignright\"><a href=\"http:\/\/www.enhorningen.net\/Arkivet.shtml#\"><img loading=\"lazy\" decoding=\"async\" src=\"http:\/\/www.enhorningen.net\/Bilder\/Bilder_2005\/Enhorningen_11.jpeg\" alt=\"[P\u00e4rmen p\u00e5 Enh\u00f6rningen 11]\" width=\"142\" height=\"200\" \/><\/a><p class=\"wp-caption-text\">P\u00e4rmbild:\u00a0Kimmo Isokoski (Klicka p\u00e5 bilden f\u00f6r att se den st\u00f6rre.)<\/p><\/div>\n<h6>December 2005, 80 sidor<br \/>\n<span class=\"rod\">Sluts\u00e5ld<\/span><\/h6>\n<p><i>Inneh\u00e5ll<\/i><\/p>\n<ul class=\"utan_tomrum\">\n<li>Polygonen (Chefred missbehandlar tangentbordet.)<\/li>\n<li>En handfull fr\u00e5gor till p\u00e4rmkonstn\u00e4ren (Kimmo Isokoski ber\u00e4ttar om sin konst.)<\/li>\n<li>Drapor, drapor (L\u00e4s hur det gick i Enh\u00f6rningens f\u00f6rsta drapat\u00e4vling och njut av tolv fantastiska ber\u00e4ttelser p\u00e5 hundra ord var.)<\/li>\n<li>Troll i finlandssvensk folktro (Michael Karlsson intervjuar forskare Camilla Asplund Ingemark som disputerat om de finlandssvenska trollens vara och icke-vara.)<\/li>\n<li>Kinesisk superhj\u00e4ltefantasy fr\u00e5n 1500-talet (Anna Davour har gjort ett dopp i \u00f6sterl\u00e4ndsk fantasy.)<\/li>\n<li>Star Wars: Episode III \u2013 Revenge of the Sith \u2013 Religion och kvinnlighet i skuggan av ondskan (Sofia Sj\u00f6 ger en religionsvetenskaplig tolkning av Star Wars.)<\/li>\n<li>Petri Salin: Steiners evolution (\u00c4r vi evolutionens herrar eller slavar?)<\/li>\n<li><a href=\"http:\/\/www.enhorningen.net\/Noveller.shtml#novell_17\">Pasi J\u00e4\u00e4skel\u00e4inen: D\u00e4r t\u00e5gen v\u00e4nder<\/a>\u00a0(Atorox-vinnare 1998. Om t\u00e5g och tid och minnen &#8230;)<\/li>\n<li>\u00c5sa Schwarz: Spegeln (Vad g\u00f6r man inte f\u00f6r att vara vacker.)<\/li>\n<li>Peter Damlin: Minnet (Att minnas eller ej, det kan vara fr\u00e5gan.)<\/li>\n<li>Petri Salin: D\u00e5rskapens lov (Var g\u00e5r gr\u00e4nsen mellan djurf\u00f6rs\u00f6k och massmord?)<\/li>\n<li>Recensioner:\n<ul class=\"utan_tomrum\">\n<li>Nebula- och Hugovinnarna 2004 &amp; 2005 (L\u00e4s vad Enh\u00f6rningens recensenter ans\u00e5g om de senaste Nebula- och Hugovinnarna.)<\/li>\n<\/ul>\n<\/li>\n<\/ul>\n<p><i>Illustrationer av<\/i><\/p>\n<ul class=\"utan_tomrum\">\n<li>Kimmo Isokoski<\/li>\n<li>Michael Karlsson (foto)<\/li>\n<li>Sari Luoto<\/li>\n<li>Ben Roimola (foto)<\/li>\n<li>Sami Toivonen<\/li>\n<\/ul>\n<hr \/>\n<h3>Enh\u00f6rningen nr 12<\/h3>\n<div style=\"width: 152px\" class=\"wp-caption alignright\"><a href=\"http:\/\/www.enhorningen.net\/Arkivet.shtml#\"><img loading=\"lazy\" decoding=\"async\" src=\"http:\/\/www.enhorningen.net\/Bilder\/Bilder_2007\/Enhorningen_12.jpeg\" alt=\"[P\u00e4rmen p\u00e5 Enh\u00f6rningen 12]\" width=\"142\" height=\"200\" \/><\/a><p class=\"wp-caption-text\">P\u00e4rmbild:\u00a0Sari Luoto (Klicka p\u00e5 bilden f\u00f6r att se den st\u00f6rre.)<\/p><\/div>\n<h6>Oktober 2007, 52 sidor<br \/>\n<span class=\"rod\">Sluts\u00e5ld<\/span><\/h6>\n<p><i>Inneh\u00e5ll<\/i><\/p>\n<ul class=\"utan_tomrum\">\n<li>Polygonen (Chefred yrar igen.)<\/li>\n<li><a href=\"http:\/\/www.enhorningen.net\/Noveller.shtml#novell_15\">Marcus Rosenlund: Varde m\u00f6rker<\/a>(Terraformning i Guds namn?)<\/li>\n<li><a href=\"http:\/\/www.enhorningen.net\/Noveller\/Novell_6_Doctorow.shtml\">Cory Doctorow: \u00c4gd!<\/a>\u00a0(H\u00e5rd dator-sf eller human science fiction?)<\/li>\n<li>Risto Isom\u00e4ki: Tr\u00e4det (Atorox-vinnare 1992. Science fiction med starka ekologiska toner.)<\/li>\n<li>Johan J\u00f6nsson: Spegelm\u00e4staren (En liten ber\u00e4ttelse om speglarnas kraft.)<\/li>\n<li>Petri Salin: AY0938 (Har du flygskr\u00e4ck?)<\/li>\n<li>Recensioner:\n<ul class=\"utan_tomrum\">\n<li>Nebula- och Hugovinnarna 2006 (Sofia Sj\u00f6 reflekterar \u00f6ver Haldeman, Link, Emshwiller, Wilson, Willis, Beagle och Levine.)<\/li>\n<li>Bokrecensioner (Mord p\u00e5 m\u00e5nen, Svavelvinter, Lilith, V\u00e4rldar runt h\u00f6rnet samt den finska sf-romanen Sarasvatin hiekkaa.)<\/li>\n<\/ul>\n<\/li>\n<\/ul>\n<p><i>Illustrationer av<\/i><\/p>\n<ul class=\"utan_tomrum\">\n<li>Sari Luoto<\/li>\n<li>Sami Toivonen<\/li>\n<li>A.R. Yngve<\/li>\n<\/ul>\n","protected":false},"excerpt":{"rendered":"<p>Information om Enh\u00f6rningens pappersupplaga. &nbsp; Enh\u00f6rningen nr 1 Maj 1987, 20 sidor Sluts\u00e5ld Inneh\u00e5ll Polygonen (ledare) Hjorden (info om medhj\u00e4lparna) En kort titt p\u00e5 Finfandom (om sf och fans i Finland) Brevh\u00f6rningen (brevspalt) Nyheter Media (om sf i TV och p\u00e5 film) W\u00e4rldens f\u00f6rsta finlandsswenska fanzine (om tidningen Wr\u00f6\u00f6l\/Kulturchock) HSS Mist\u00a0(novell av B. Roimola) Sonic [&hellip;]<\/p>\n","protected":false},"author":1,"featured_media":0,"parent":0,"menu_order":0,"comment_status":"closed","ping_status":"closed","template":"","meta":{"footnotes":""},"class_list":["post-10","page","type-page","status-publish","hentry"],"_links":{"self":[{"href":"https:\/\/enhorningen.net\/e30\/wp-json\/wp\/v2\/pages\/10","targetHints":{"allow":["GET"]}}],"collection":[{"href":"https:\/\/enhorningen.net\/e30\/wp-json\/wp\/v2\/pages"}],"about":[{"href":"https:\/\/enhorningen.net\/e30\/wp-json\/wp\/v2\/types\/page"}],"author":[{"embeddable":true,"href":"https:\/\/enhorningen.net\/e30\/wp-json\/wp\/v2\/users\/1"}],"replies":[{"embeddable":true,"href":"https:\/\/enhorningen.net\/e30\/wp-json\/wp\/v2\/comments?post=10"}],"version-history":[{"count":6,"href":"https:\/\/enhorningen.net\/e30\/wp-json\/wp\/v2\/pages\/10\/revisions"}],"predecessor-version":[{"id":1354,"href":"https:\/\/enhorningen.net\/e30\/wp-json\/wp\/v2\/pages\/10\/revisions\/1354"}],"wp:attachment":[{"href":"https:\/\/enhorningen.net\/e30\/wp-json\/wp\/v2\/media?parent=10"}],"curies":[{"name":"wp","href":"https:\/\/api.w.org\/{rel}","templated":true}]}}